{"id":2704,"date":"2025-06-10T08:29:39","date_gmt":"2025-06-10T08:29:39","guid":{"rendered":"https:\/\/healthscience.institute\/terms-and-conditions\/"},"modified":"2025-06-10T08:29:39","modified_gmt":"2025-06-10T08:29:39","slug":"terms-and-conditions","status":"publish","type":"page","link":"https:\/\/scienceinhealth.com\/sv\/terms-and-conditions\/","title":{"rendered":"Terms and Conditions"},"content":{"rendered":"<!-- This legal document was generated by Complianz Terms &amp; Conditions https:\/\/wordpress.org\/plugins\/complianz-terms-conditions -->\n<div id=\"cmplz-document\" class=\"cmplz-document cmplz-terms-conditions\"><p><i>Villkoren uppdaterades senast den juni 10, 2025<\/i><\/p><h2>1. Introduktion<\/h2><p>Dessa villkor g\u00e4ller f\u00f6r denna webbplats och f\u00f6r transaktioner relaterade till v\u00e5ra produkter och tj\u00e4nster.&nbsp;Du kan vara bunden av ytterligare avtal som r\u00f6r din relation med oss eller produkter eller tj\u00e4nster som du f\u00e5r fr\u00e5n oss.&nbsp;Om n\u00e5gra best\u00e4mmelser i till\u00e4ggsavtalen strider mot n\u00e5gra best\u00e4mmelser i dessa villkor, ska best\u00e4mmelserna i dessa till\u00e4ggsavtal styra och ha f\u00f6retr\u00e4de.<\/p><h2>2. Bindande<\/h2><p>Genom att registrera dig p\u00e5, f\u00e5 tillg\u00e5ng till eller p\u00e5 annat s\u00e4tt anv\u00e4nda denna webbplats samtycker du h\u00e4rmed till att vara bunden av de villkor som anges nedan.&nbsp;Enbart anv\u00e4ndningen av denna webbplats inneb\u00e4r att du k\u00e4nner till och accepterar dessa villkor.&nbsp;I vissa s\u00e4rskilda fall kan vi ocks\u00e5 be dig att uttryckligen samtycka till detta.<\/p><h2>3. Immateriella r\u00e4ttigheter<\/h2><p>Vi eller v\u00e5ra licensgivare \u00e4ger och kontrollerar all upphovsr\u00e4tt och andra immateriella r\u00e4ttigheter p\u00e5 webbplatsen och de data, den information och de andra resurser som visas eller \u00e4r tillg\u00e4ngliga p\u00e5 webbplatsen.<\/p><p class=\"cmplz-subtitle\">3.1 Alla r\u00e4ttigheter f\u00f6rbeh\u00e5llna<\/p><p>Om inte annat framg\u00e5r av det specifika inneh\u00e5llet beviljas du inte n\u00e5gon licens eller annan r\u00e4ttighet enligt upphovsr\u00e4tt, varum\u00e4rke, patent eller andra immateriella r\u00e4ttigheter.&nbsp;Detta inneb\u00e4r att du inte f\u00e5r anv\u00e4nda, kopiera, reproducera, utf\u00f6ra, visa, distribuera, b\u00e4dda in i n\u00e5got elektroniskt medium, \u00e4ndra, bak\u00e5tkompilera, dekompilera, \u00f6verf\u00f6ra, ladda ner, \u00f6verf\u00f6ra, tj\u00e4na pengar p\u00e5, s\u00e4lja, marknadsf\u00f6ra eller kommersialisera n\u00e5gra resurser p\u00e5 denna webbplats i n\u00e5gon form, utan v\u00e5rt f\u00f6reg\u00e5ende skriftliga tillst\u00e5nd, f\u00f6rutom och endast i den utstr\u00e4ckning som annars f\u00f6reskrivs i best\u00e4mmelser i tvingande lag (t.ex. r\u00e4tten att citera).<\/p><h2>4. Nyhetsbrev<\/h2><p>Trots det ovanst\u00e5ende kan du vidarebefordra v\u00e5rt nyhetsbrev i elektronisk form till andra som kan vara intresserade av att bes\u00f6ka v\u00e5r webbplats.<\/p><h2>5. Tredjepartsegendom<\/h2><p>V\u00e5r webbplats kan inneh\u00e5lla l\u00e4nkar eller andra referenser till andra parters webbplatser.&nbsp;Vi \u00f6vervakar eller granskar inte inneh\u00e5llet p\u00e5 andra parters webbplatser som l\u00e4nkas till fr\u00e5n denna webbplats.&nbsp;Produkter eller tj\u00e4nster som erbjuds av andra webbplatser ska omfattas av de villkor som g\u00e4ller f\u00f6r dessa tredje parter.&nbsp;\u00c5sikter som uttrycks eller material som f\u00f6rekommer p\u00e5 dessa webbplatser delas eller st\u00f6ds inte n\u00f6dv\u00e4ndigtvis av oss.<\/p><p>Vi ansvarar inte f\u00f6r sekretesspraxis eller inneh\u00e5ll p\u00e5 dessa webbplatser.&nbsp;Du b\u00e4r alla risker som \u00e4r f\u00f6rknippade med anv\u00e4ndningen av dessa webbplatser och eventuella relaterade tj\u00e4nster fr\u00e5n tredje part.&nbsp;Vi tar inte p\u00e5 oss n\u00e5got ansvar f\u00f6r f\u00f6rlust eller skada som p\u00e5 n\u00e5got s\u00e4tt, oavsett orsak, uppst\u00e5r till f\u00f6ljd av att du l\u00e4mnar ut personuppgifter till tredje part.<\/p><h2>6. Ansvarsfullt anv\u00e4ndande<\/h2><p>Genom att bes\u00f6ka v\u00e5r webbplats samtycker du till att endast anv\u00e4nda den f\u00f6r de \u00e4ndam\u00e5l som avses och som till\u00e5ts enligt dessa villkor, eventuella ytterligare avtal med oss och till\u00e4mpliga lagar, f\u00f6rordningar och allm\u00e4nt accepterad onlinepraxis och branschriktlinjer.&nbsp;Du f\u00e5r inte anv\u00e4nda v\u00e5r webbplats eller v\u00e5ra tj\u00e4nster f\u00f6r att anv\u00e4nda, publicera eller distribuera material som best\u00e5r av (eller \u00e4r l\u00e4nkat till) skadlig programvara, anv\u00e4nda uppgifter som samlats in fr\u00e5n v\u00e5r webbplats f\u00f6r direktmarknadsf\u00f6ring eller genomf\u00f6ra n\u00e5gon systematisk eller automatiserad datainsamling p\u00e5 eller i samband med v\u00e5r webbplats.<\/p><p>Det \u00e4r str\u00e4ngt f\u00f6rbjudet att delta i n\u00e5gon aktivitet som orsakar eller kan orsaka skada p\u00e5 webbplatsen eller som st\u00f6r webbplatsens prestanda, tillg\u00e4nglighet eller \u00e5tkomlighet.<\/p><h2>7. Inskickning av id\u00e9er<\/h2><p>Skicka inte in n\u00e5gra id\u00e9er, uppfinningar, skriftliga verk eller annan information som kan betraktas som din egen immateriella egendom som du vill framf\u00f6ra f\u00f6r oss om vi inte f\u00f6rst har undertecknat ett avtal om den immateriella egendomen eller ett sekretessavtal.&nbsp;Om du l\u00e4mnar ut det till oss utan ett s\u00e5dant skriftligt avtal ger du oss en v\u00e4rldsomsp\u00e4nnande, o\u00e5terkallelig, icke-exklusiv, royaltyfri licens att anv\u00e4nda, reproducera, lagra, anpassa, publicera, \u00f6vers\u00e4tta och distribuera ditt inneh\u00e5ll i alla befintliga eller framtida medier.<\/p><h2>8. Upph\u00f6rande av anv\u00e4ndning<\/h2><p>Vi kan, efter eget beslut, n\u00e4r som helst \u00e4ndra eller avbryta \u00e5tkomsten till, tillf\u00e4lligt eller permanent, webbplatsen eller n\u00e5gon tj\u00e4nst p\u00e5 den.&nbsp;Du samtycker till att vi inte ska vara ansvariga gentemot dig eller n\u00e5gon tredje part f\u00f6r n\u00e5gon s\u00e5dan \u00e4ndring, avst\u00e4ngning eller upph\u00f6rande av din tillg\u00e5ng till eller anv\u00e4ndning av webbplatsen eller n\u00e5got inneh\u00e5ll som du kan ha delat p\u00e5 webbplatsen.&nbsp;Du kommer inte ha r\u00e4tt till n\u00e5gon ers\u00e4ttning eller annan betalning, \u00e4ven om specifika funktioner, inst\u00e4llningar och\/eller inneh\u00e5ll du bidragit med eller kommit att f\u00f6rlita dig p\u00e5 skulle f\u00f6rloras permanent&nbsp;Du f\u00e5r inte kring\u00e5 eller f\u00f6rs\u00f6ka kring\u00e5 n\u00e5gra \u00e5tkomstrestriktioner p\u00e5 v\u00e5r webbplats.<\/p><h2>9. Garantier och ansvarsskyldighet<\/h2><p>Ingenting i detta avsnitt begr\u00e4nsar eller utesluter n\u00e5gon garanti som \u00e4r underf\u00f6rst\u00e5dd enligt lag och som det skulle vara olagligt att begr\u00e4nsa eller utesluta.&nbsp;Denna webbplats samt allt inneh\u00e5ll p\u00e5 webbplatsen tillhandah\u00e5lls \u201di aktuellt skick\u201d och \u201di m\u00e5n av tillg\u00e4nglighet\u201d och kan inneh\u00e5lla felaktigheter eller skrivfel.&nbsp;Vi fr\u00e5ns\u00e4ger oss uttryckligen alla garantier av n\u00e5got slag, vare sig uttryckliga eller underf\u00f6rst\u00e5dda, vad g\u00e4ller inneh\u00e5llets tillg\u00e4nglighet, riktighet eller fullst\u00e4ndighet.&nbsp;Vi l\u00e4mnar inga garantier att:<\/p><p><ul>\n                    <li>denna webbplats eller v\u00e5rt inneh\u00e5ll kommer m\u00f6ta dina krav;<\/li>\n                    <li>denna webbplats kommer att vara tillg\u00e4nglig utan avbrott, i r\u00e4tt tid, p\u00e5 ett s\u00e4kert eller felfritt s\u00e4tt.<\/li>\n        <\/ul><\/p><p>Inget p\u00e5 denna webbplats utg\u00f6r eller \u00e4r t\u00e4nkt att utg\u00f6ra juridiska, finansiella eller medicinska r\u00e5d av n\u00e5got slag.&nbsp;Om du beh\u00f6ver r\u00e5d b\u00f6r du konsultera en l\u00e4mplig fackman.<\/p><p>F\u00f6ljande best\u00e4mmelser i detta avsnitt g\u00e4ller i den utstr\u00e4ckning som till\u00e5ts enligt till\u00e4mplig lag och begr\u00e4nsar eller utesluter inte v\u00e5rt ansvar i fr\u00e5ga om n\u00e5got som det skulle vara olagligt eller otill\u00e5tet f\u00f6r oss att begr\u00e4nsa eller utesluta v\u00e5rt ansvar.&nbsp;Vi ansvarar inte i n\u00e5got fall f\u00f6r direkta eller indirekta skador (inklusive skador p\u00e5 grund av utebliven vinst eller int\u00e4kter, f\u00f6rlust eller f\u00f6rvanskning av data, programvara eller databas, eller f\u00f6rlust av eller skada p\u00e5 egendom eller data) som uppkommer f\u00f6r dig eller tredje part till f\u00f6ljd av din tillg\u00e5ng till eller anv\u00e4ndning av v\u00e5r webbplats.<\/p><p>Med undantag f\u00f6r den utstr\u00e4ckning som n\u00e5got ytterligare avtal uttryckligen anger n\u00e5got annat, kommer v\u00e5rt maximala ansvar gentemot dig f\u00f6r alla skador som uppst\u00e5r till f\u00f6ljd av eller relaterade till webbplatsen eller produkter och tj\u00e4nster som marknadsf\u00f6rs eller s\u00e4ljs via webbplatsen, oavsett vilken form av r\u00e4ttslig \u00e5tg\u00e4rd som \u00e5l\u00e4gger ansvar (oavsett om det \u00e4r i avtal, eget kapital, f\u00f6rsumlighet, avsett beteende, skadest\u00e5nd eller p\u00e5 annat s\u00e4tt) att begr\u00e4nsas till det totala pris som du betalade till oss f\u00f6r att k\u00f6pa s\u00e5dana produkter eller tj\u00e4nster eller anv\u00e4nda webbplatsen.&nbsp;En s\u00e5dan begr\u00e4nsning kommer att g\u00e4lla sammantaget f\u00f6r alla dina anspr\u00e5k, \u00e5tg\u00e4rder och orsaker till \u00e5tg\u00e4rder av alla slag och natur.<\/p><h2>10. Integritet<\/h2><p>F\u00f6r att komma \u00e5t v\u00e5r webbplats och\/eller v\u00e5ra tj\u00e4nster kan du beh\u00f6va l\u00e4mna information om dig sj\u00e4lv som en del av registreringsprocessen.&nbsp;Du bekr\u00e4ftar att all information du l\u00e4mnar kommer vara korrekt och uppdaterad.<\/p><h2>11. Exportrestriktioner \/ Juridisk efterlevnad<\/h2><p>\u00c5tkomst till webbplatsen fr\u00e5n territorier eller l\u00e4nder d\u00e4r inneh\u00e5llet eller k\u00f6p av de produkter eller tj\u00e4nster som s\u00e4ljs p\u00e5 webbplatsen \u00e4r olagligt \u00e4r f\u00f6rbjuden.&nbsp;Du f\u00e5r inte anv\u00e4nda denna webbplats i strid mot exportlagstiftningar och -regleringar i Storbritannien.<\/p><h2>12. Tilldelning<\/h2><p>Du f\u00e5r inte \u00f6verl\u00e5ta, \u00f6verf\u00f6ra eller underentreprenera n\u00e5gra av dina r\u00e4ttigheter och\/eller skyldigheter enligt dessa villkor, helt eller delvis, till n\u00e5gon tredje part utan v\u00e5rt f\u00f6reg\u00e5ende skriftliga medgivande.&nbsp;Alla p\u00e5st\u00e5dda \u00f6verl\u00e5telser i strid med detta avsnitt kommer att vara ogiltiga.<\/p><h2>13. \u00d6vertr\u00e4delser av dessa villkor<\/h2><p>Utan att det p\u00e5verkar v\u00e5ra andra r\u00e4ttigheter enligt dessa villkor kan vi, om du bryter mot dessa villkor p\u00e5 n\u00e5got s\u00e4tt, vidta s\u00e5dana \u00e5tg\u00e4rder som vi anser l\u00e4mpliga f\u00f6r att hantera \u00f6vertr\u00e4delsen, inklusive att tillf\u00e4lligt eller permanent st\u00e4nga av din tillg\u00e5ng till webbplatsen, kontakta din internetleverant\u00f6r f\u00f6r att beg\u00e4ra att de blockerar din tillg\u00e5ng till webbplatsen och\/eller inleda r\u00e4ttsliga \u00e5tg\u00e4rder mot dig.<\/p><h2>14. Skadeers\u00e4ttning<\/h2><p>Du samtycker till att gottg\u00f6ra, f\u00f6rsvara och h\u00e5lla oss skadesl\u00f6sa fr\u00e5n och mot alla anspr\u00e5k, skulder, skador, f\u00f6rluster och utgifter i samband med din \u00f6vertr\u00e4delse av dessa villkor och till\u00e4mpliga lagar, inklusive immateriella r\u00e4ttigheter och integritetsr\u00e4ttigheter.&nbsp;Du ska omedelbart ers\u00e4tta oss f\u00f6r v\u00e5ra skador, f\u00f6rluster, kostnader och utgifter i samband med eller till f\u00f6ljd av s\u00e5dana yrkanden.<\/p><h2>15. Avst\u00e5ende<\/h2><p>Utebliven till\u00e4mpning av n\u00e5gon av best\u00e4mmelserna i dessa villkor, eller underl\u00e5tenhet att utnyttja n\u00e5gon upps\u00e4gningsm\u00f6jlighet, ska inte tolkas som ett avst\u00e5ende fr\u00e5n s\u00e5dana best\u00e4mmelser och ska inte p\u00e5verka giltigheten av dessa villkor eller n\u00e5gon del d\u00e4rav, eller r\u00e4tten att d\u00e4refter till\u00e4mpa var och en av best\u00e4mmelserna.<\/p><h2>16. Spr\u00e5k<\/h2><p>Dessa villkor kommer tolkas uteslutande p\u00e5 Engelska och  Tyska.&nbsp;Alla meddelanden och all korrespondens kommer uteslutande att skrivas p\u00e5 detta spr\u00e5k.<\/p><h2>17. Hela avtalet<\/h2><p>Dessa villkor ska utg\u00f6ra hela avtalet mellan dig och Health Science Institute i f\u00f6rh\u00e5llande till din anv\u00e4ndning av denna webbplats.<\/p><h2>18. Uppdatering av dessa villkor<\/h2><p>Vi kan komma att uppdatera dessa villkor d\u00e5 och d\u00e5.&nbsp;Det \u00e4r din skyldighet att periodvis se \u00f6ver dessa villkor f\u00f6r \u00e4ndringar eller uppdateringar.&nbsp;Det datum som anges i b\u00f6rjan av dessa villkor \u00e4r det senaste revideringsdatumet.&nbsp;\u00c4ndringar av dessa villkor tr\u00e4der i kraft n\u00e4r s\u00e5dana \u00e4ndringar publiceras p\u00e5 denna webbplats.&nbsp;Din fortsatta anv\u00e4ndning av denna webbplats efter det att \u00e4ndringar eller uppdateringar har publicerats kommer att betraktas som ett uttryck f\u00f6r att du accepterar att f\u00f6lja och vara bunden av dessa villkor.<\/p><h2>19. Val av lag och jurisdiktion<\/h2><p>Dessa villkor ska regleras av lagarna i Storbritannien.&nbsp;Alla tvister som r\u00f6r dessa villkor och best\u00e4mmelser ska vara f\u00f6rem\u00e5l f\u00f6r jurisdiktion i domstolarna i Storbritannien.&nbsp;Om n\u00e5gon del eller best\u00e4mmelse i dessa villkor av en domstol eller annan myndighet anses vara ogiltig och\/eller inte verkst\u00e4llbar enligt till\u00e4mplig lag, ska s\u00e5dan del eller best\u00e4mmelse \u00e4ndras, raderas och\/eller verkst\u00e4llas i st\u00f6rsta m\u00f6jliga utstr\u00e4ckning f\u00f6r att ge verkan \u00e5t avsikten med dessa villkor.&nbsp;\u00d6vriga best\u00e4mmelser p\u00e5verkas inte.<\/p><h2>20. Kontaktinformation<\/h2><p>Denna webbplats \u00e4gs och drivs av Health Science Institute.<\/p><p>You may contact us regarding these Terms and Conditions through our <a href=\"http:\/\/scienceinhealth.com\/sv\/contact-us\/\">contact<\/a> page.<\/p><h2>21. Ladda ner<\/h2><p>You can also <a href=\"https:\/\/scienceinhealth.com\/wp-content\/plugins\/complianz-terms-conditions\/download.php\">download<\/a> our Terms and Conditions as a PDF.<\/p><\/div>","protected":false},"excerpt":{"rendered":"","protected":false},"author":1,"featured_media":0,"parent":0,"menu_order":0,"comment_status":"closed","ping_status":"closed","template":"","meta":{"footnotes":""},"class_list":["post-2704","page","type-page","status-publish","hentry"],"yoast_head":"<!-- This site is optimized with the Yoast SEO plugin v27.5 - https:\/\/yoast.com\/product\/yoast-seo-wordpress\/ -->\n<title>Terms and Conditions - Health Science Institute<\/title>\n<meta name=\"robots\" content=\"index, follow, max-snippet:-1, max-image-preview:large, max-video-preview:-1\" \/>\n<link rel=\"canonical\" href=\"https:\/\/scienceinhealth.com\/sv\/terms-and-conditions\/\" \/>\n<meta property=\"og:locale\" content=\"sv_SE\" \/>\n<meta property=\"og:type\" content=\"article\" \/>\n<meta property=\"og:title\" content=\"Terms and Conditions - Health Science Institute\" \/>\n<meta property=\"og:url\" content=\"https:\/\/scienceinhealth.com\/sv\/terms-and-conditions\/\" \/>\n<meta property=\"og:site_name\" content=\"Health Science Institute\" \/>\n<meta name=\"twitter:card\" content=\"summary_large_image\" \/>\n<script type=\"application\/ld+json\" class=\"yoast-schema-graph\">{\"@context\":\"https:\\\/\\\/schema.org\",\"@graph\":[{\"@type\":\"WebPage\",\"@id\":\"https:\\\/\\\/scienceinhealth.com\\\/de\\\/terms-and-conditions\\\/\",\"url\":\"https:\\\/\\\/scienceinhealth.com\\\/de\\\/terms-and-conditions\\\/\",\"name\":\"Terms and Conditions - Health Science Institute\",\"isPartOf\":{\"@id\":\"https:\\\/\\\/scienceinhealth.com\\\/de\\\/#website\"},\"datePublished\":\"2025-06-10T08:29:39+00:00\",\"breadcrumb\":{\"@id\":\"https:\\\/\\\/scienceinhealth.com\\\/de\\\/terms-and-conditions\\\/#breadcrumb\"},\"inLanguage\":\"sv-SE\",\"potentialAction\":[{\"@type\":\"ReadAction\",\"target\":[\"https:\\\/\\\/scienceinhealth.com\\\/de\\\/terms-and-conditions\\\/\"]}]},{\"@type\":\"BreadcrumbList\",\"@id\":\"https:\\\/\\\/scienceinhealth.com\\\/de\\\/terms-and-conditions\\\/#breadcrumb\",\"itemListElement\":[{\"@type\":\"ListItem\",\"position\":1,\"name\":\"Home\",\"item\":\"https:\\\/\\\/scienceinhealth.com\\\/\"},{\"@type\":\"ListItem\",\"position\":2,\"name\":\"Terms and Conditions\"}]},{\"@type\":\"WebSite\",\"@id\":\"https:\\\/\\\/scienceinhealth.com\\\/de\\\/#website\",\"url\":\"https:\\\/\\\/scienceinhealth.com\\\/de\\\/\",\"name\":\"Health Science Institute\",\"description\":\"\",\"publisher\":{\"@id\":\"https:\\\/\\\/scienceinhealth.com\\\/de\\\/#organization\"},\"potentialAction\":[{\"@type\":\"SearchAction\",\"target\":{\"@type\":\"EntryPoint\",\"urlTemplate\":\"https:\\\/\\\/scienceinhealth.com\\\/de\\\/?s={search_term_string}\"},\"query-input\":{\"@type\":\"PropertyValueSpecification\",\"valueRequired\":true,\"valueName\":\"search_term_string\"}}],\"inLanguage\":\"sv-SE\"},{\"@type\":\"Organization\",\"@id\":\"https:\\\/\\\/scienceinhealth.com\\\/de\\\/#organization\",\"name\":\"Health Science Institute\",\"url\":\"https:\\\/\\\/scienceinhealth.com\\\/de\\\/\",\"logo\":{\"@type\":\"ImageObject\",\"inLanguage\":\"sv-SE\",\"@id\":\"https:\\\/\\\/scienceinhealth.com\\\/de\\\/#\\\/schema\\\/logo\\\/image\\\/\",\"url\":\"https:\\\/\\\/scienceinhealth.com\\\/wp-content\\\/uploads\\\/2024\\\/07\\\/hsi.png\",\"contentUrl\":\"https:\\\/\\\/scienceinhealth.com\\\/wp-content\\\/uploads\\\/2024\\\/07\\\/hsi.png\",\"width\":800,\"height\":200,\"caption\":\"Health Science Institute\"},\"image\":{\"@id\":\"https:\\\/\\\/scienceinhealth.com\\\/de\\\/#\\\/schema\\\/logo\\\/image\\\/\"}}]}<\/script>\n<!-- \/ Yoast SEO plugin. -->","yoast_head_json":{"title":"Terms and Conditions - Health Science Institute","robots":{"index":"index","follow":"follow","max-snippet":"max-snippet:-1","max-image-preview":"max-image-preview:large","max-video-preview":"max-video-preview:-1"},"canonical":"https:\/\/scienceinhealth.com\/sv\/terms-and-conditions\/","og_locale":"sv_SE","og_type":"article","og_title":"Terms and Conditions - Health Science Institute","og_url":"https:\/\/scienceinhealth.com\/sv\/terms-and-conditions\/","og_site_name":"Health Science Institute","twitter_card":"summary_large_image","schema":{"@context":"https:\/\/schema.org","@graph":[{"@type":"WebPage","@id":"https:\/\/scienceinhealth.com\/de\/terms-and-conditions\/","url":"https:\/\/scienceinhealth.com\/de\/terms-and-conditions\/","name":"Terms and Conditions - Health Science Institute","isPartOf":{"@id":"https:\/\/scienceinhealth.com\/de\/#website"},"datePublished":"2025-06-10T08:29:39+00:00","breadcrumb":{"@id":"https:\/\/scienceinhealth.com\/de\/terms-and-conditions\/#breadcrumb"},"inLanguage":"sv-SE","potentialAction":[{"@type":"ReadAction","target":["https:\/\/scienceinhealth.com\/de\/terms-and-conditions\/"]}]},{"@type":"BreadcrumbList","@id":"https:\/\/scienceinhealth.com\/de\/terms-and-conditions\/#breadcrumb","itemListElement":[{"@type":"ListItem","position":1,"name":"Home","item":"https:\/\/scienceinhealth.com\/"},{"@type":"ListItem","position":2,"name":"Terms and Conditions"}]},{"@type":"WebSite","@id":"https:\/\/scienceinhealth.com\/de\/#website","url":"https:\/\/scienceinhealth.com\/de\/","name":"Health Science Institute","description":"","publisher":{"@id":"https:\/\/scienceinhealth.com\/de\/#organization"},"potentialAction":[{"@type":"SearchAction","target":{"@type":"EntryPoint","urlTemplate":"https:\/\/scienceinhealth.com\/de\/?s={search_term_string}"},"query-input":{"@type":"PropertyValueSpecification","valueRequired":true,"valueName":"search_term_string"}}],"inLanguage":"sv-SE"},{"@type":"Organization","@id":"https:\/\/scienceinhealth.com\/de\/#organization","name":"Health Science Institute","url":"https:\/\/scienceinhealth.com\/de\/","logo":{"@type":"ImageObject","inLanguage":"sv-SE","@id":"https:\/\/scienceinhealth.com\/de\/#\/schema\/logo\/image\/","url":"https:\/\/scienceinhealth.com\/wp-content\/uploads\/2024\/07\/hsi.png","contentUrl":"https:\/\/scienceinhealth.com\/wp-content\/uploads\/2024\/07\/hsi.png","width":800,"height":200,"caption":"Health Science Institute"},"image":{"@id":"https:\/\/scienceinhealth.com\/de\/#\/schema\/logo\/image\/"}}]}},"_links":{"self":[{"href":"https:\/\/scienceinhealth.com\/sv\/wp-json\/wp\/v2\/pages\/2704","targetHints":{"allow":["GET"]}}],"collection":[{"href":"https:\/\/scienceinhealth.com\/sv\/wp-json\/wp\/v2\/pages"}],"about":[{"href":"https:\/\/scienceinhealth.com\/sv\/wp-json\/wp\/v2\/types\/page"}],"author":[{"embeddable":true,"href":"https:\/\/scienceinhealth.com\/sv\/wp-json\/wp\/v2\/users\/1"}],"replies":[{"embeddable":true,"href":"https:\/\/scienceinhealth.com\/sv\/wp-json\/wp\/v2\/comments?post=2704"}],"version-history":[{"count":0,"href":"https:\/\/scienceinhealth.com\/sv\/wp-json\/wp\/v2\/pages\/2704\/revisions"}],"wp:attachment":[{"href":"https:\/\/scienceinhealth.com\/sv\/wp-json\/wp\/v2\/media?parent=2704"}],"curies":[{"name":"wp","href":"https:\/\/api.w.org\/{rel}","templated":true}]}}